{"id":42,"date":"2022-05-13T08:55:28","date_gmt":"2022-05-13T08:55:28","guid":{"rendered":"https:\/\/zsp-rojow.pl\/szkola\/?page_id=42"},"modified":"2026-01-20T12:50:32","modified_gmt":"2026-01-20T12:50:32","slug":"home","status":"publish","type":"page","link":"https:\/\/zsp-rojow.pl\/szkola\/","title":{"rendered":"STRONA G\u0141\u00d3WNA SZKO\u0141Y"},"content":{"rendered":"\t\t<div data-elementor-type=\"wp-page\" data-elementor-id=\"42\" class=\"elementor elementor-42\">\n\t\t\t\t\t\t\t\t\t<section class=\"elementor-section elementor-top-section elementor-element elementor-element-ff8974a elementor-section-boxed elementor-section-height-default elementor-section-height-default\" data-id=\"ff8974a\" data-element_type=\"section\">\n\t\t\t\t\t\t<div class=\"elementor-container elementor-column-gap-default\">\n\t\t\t\t\t<div class=\"elementor-column elementor-col-100 elementor-top-column elementor-element elementor-element-9a46fad\" data-id=\"9a46fad\" data-element_type=\"column\">\n\t\t\t<div class=\"elementor-widget-wrap elementor-element-populated\">\n\t\t\t\t\t\t\t\t<div class=\"elementor-element elementor-element-6bd810e elementor-widget elementor-widget-heading\" data-id=\"6bd810e\" data-element_type=\"widget\" data-widget_type=\"heading.default\">\n\t\t\t\t<div class=\"elementor-widget-container\">\n\t\t\t<style>\/*! elementor - v3.16.0 - 17-10-2023 *\/\n.elementor-heading-title{padding:0;margin:0;line-height:1}.elementor-widget-heading .elementor-heading-title[class*=elementor-size-]>a{color:inherit;font-size:inherit;line-height:inherit}.elementor-widget-heading .elementor-heading-title.elementor-size-small{font-size:15px}.elementor-widget-heading .elementor-heading-title.elementor-size-medium{font-size:19px}.elementor-widget-heading .elementor-heading-title.elementor-size-large{font-size:29px}.elementor-widget-heading .elementor-heading-title.elementor-size-xl{font-size:39px}.elementor-widget-heading .elementor-heading-title.elementor-size-xxl{font-size:59px}<\/style><h2 class=\"elementor-heading-title elementor-size-default\">Najnowsze wydarzenia<\/h2>\t\t<\/div>\n\t\t\t\t<\/div>\n\t\t\t\t<div class=\"elementor-element elementor-element-f722c9e elementor-posts--align-center elementor-grid-3 elementor-grid-tablet-2 elementor-grid-mobile-1 elementor-posts--thumbnail-top elementor-card-shadow-yes elementor-posts__hover-gradient elementor-widget elementor-widget-posts\" data-id=\"f722c9e\" data-element_type=\"widget\" data-settings=\"{&quot;cards_columns&quot;:&quot;3&quot;,&quot;cards_columns_tablet&quot;:&quot;2&quot;,&quot;cards_columns_mobile&quot;:&quot;1&quot;,&quot;cards_row_gap&quot;:{&quot;unit&quot;:&quot;px&quot;,&quot;size&quot;:35,&quot;sizes&quot;:[]},&quot;cards_row_gap_tablet&quot;:{&quot;unit&quot;:&quot;px&quot;,&quot;size&quot;:&quot;&quot;,&quot;sizes&quot;:[]},&quot;cards_row_gap_mobile&quot;:{&quot;unit&quot;:&quot;px&quot;,&quot;size&quot;:&quot;&quot;,&quot;sizes&quot;:[]}}\" data-widget_type=\"posts.cards\">\n\t\t\t\t<div class=\"elementor-widget-container\">\n\t\t\t<link rel=\"stylesheet\" href=\"https:\/\/zsp-rojow.pl\/szkola\/wp-content\/plugins\/elementor-pro\/assets\/css\/widget-posts.min.css\">\t\t<div class=\"elementor-posts-container elementor-posts elementor-posts--skin-cards elementor-grid\">\n\t\t\t\t<article class=\"elementor-post elementor-grid-item post-5223 post type-post status-publish format-standard has-post-thumbnail hentry category-sport\">\n\t\t\t<div class=\"elementor-post__card\">\n\t\t\t\t<a class=\"elementor-post__thumbnail__link\" href=\"https:\/\/zsp-rojow.pl\/szkola\/mistrzostwa-powiatu-szs-w-druzynowych-biegach-przelajowych\/\" ><div class=\"elementor-post__thumbnail\"><img loading=\"lazy\" decoding=\"async\" width=\"2048\" height=\"1270\" src=\"https:\/\/zsp-rojow.pl\/szkola\/wp-content\/uploads\/2026\/04\/659112547_1657391863058484_4186277681407506442_n.jpg\" class=\"attachment-full size-full wp-image-5232\" alt=\"\" srcset=\"https:\/\/zsp-rojow.pl\/szkola\/wp-content\/uploads\/2026\/04\/659112547_1657391863058484_4186277681407506442_n.jpg 2048w, https:\/\/zsp-rojow.pl\/szkola\/wp-content\/uploads\/2026\/04\/659112547_1657391863058484_4186277681407506442_n-300x186.jpg 300w, https:\/\/zsp-rojow.pl\/szkola\/wp-content\/uploads\/2026\/04\/659112547_1657391863058484_4186277681407506442_n-1024x635.jpg 1024w, https:\/\/zsp-rojow.pl\/szkola\/wp-content\/uploads\/2026\/04\/659112547_1657391863058484_4186277681407506442_n-768x476.jpg 768w, https:\/\/zsp-rojow.pl\/szkola\/wp-content\/uploads\/2026\/04\/659112547_1657391863058484_4186277681407506442_n-1536x953.jpg 1536w\" sizes=\"auto, (max-width: 2048px) 100vw, 2048px\" \/><\/div><\/a>\n\t\t\t\t<div class=\"elementor-post__badge\">Sport<\/div>\n\t\t\t\t<div class=\"elementor-post__text\">\n\t\t\t\t<h3 class=\"elementor-post__title\">\n\t\t\t<a href=\"https:\/\/zsp-rojow.pl\/szkola\/mistrzostwa-powiatu-szs-w-druzynowych-biegach-przelajowych\/\" >\n\t\t\t\tMistrzostwa Powiatu SZS w Dru\u017cynowych Biegach Prze\u0142ajowych\t\t\t<\/a>\n\t\t<\/h3>\n\t\t\n\t\t<a class=\"elementor-post__read-more\" href=\"https:\/\/zsp-rojow.pl\/szkola\/mistrzostwa-powiatu-szs-w-druzynowych-biegach-przelajowych\/\" >\n\t\t\tCzytaj wi\u0119cej \u00bb\t\t<\/a>\n\n\t\t\t\t<\/div>\n\t\t\t\t<div class=\"elementor-post__meta-data\">\n\t\t\t\t\t<span class=\"elementor-post-author\">\n\t\t\tAleksandra Wieczorek\t\t<\/span>\n\t\t\t\t<span class=\"elementor-post-date\">\n\t\t\t3 kwietnia, 2026\t\t<\/span>\n\t\t\t\t<\/div>\n\t\t\t\t\t<\/div>\n\t\t<\/article>\n\t\t\t\t<article class=\"elementor-post elementor-grid-item post-5175 post type-post status-publish format-standard has-post-thumbnail hentry category-aktualnosci\">\n\t\t\t<div class=\"elementor-post__card\">\n\t\t\t\t<a class=\"elementor-post__thumbnail__link\" href=\"https:\/\/zsp-rojow.pl\/szkola\/dzien-swiadomosci-autyzmu-w-naszej-szkole\/\" ><div class=\"elementor-post__thumbnail\"><img loading=\"lazy\" decoding=\"async\" width=\"1536\" height=\"2048\" src=\"https:\/\/zsp-rojow.pl\/szkola\/wp-content\/uploads\/2026\/04\/660404680_1655048699959467_6524065141941509946_n.jpg\" class=\"attachment-full size-full wp-image-5178\" alt=\"\" srcset=\"https:\/\/zsp-rojow.pl\/szkola\/wp-content\/uploads\/2026\/04\/660404680_1655048699959467_6524065141941509946_n.jpg 1536w, https:\/\/zsp-rojow.pl\/szkola\/wp-content\/uploads\/2026\/04\/660404680_1655048699959467_6524065141941509946_n-225x300.jpg 225w, https:\/\/zsp-rojow.pl\/szkola\/wp-content\/uploads\/2026\/04\/660404680_1655048699959467_6524065141941509946_n-768x1024.jpg 768w, https:\/\/zsp-rojow.pl\/szkola\/wp-content\/uploads\/2026\/04\/660404680_1655048699959467_6524065141941509946_n-1152x1536.jpg 1152w\" sizes=\"auto, (max-width: 1536px) 100vw, 1536px\" \/><\/div><\/a>\n\t\t\t\t<div class=\"elementor-post__badge\">Aktualno\u015bci<\/div>\n\t\t\t\t<div class=\"elementor-post__text\">\n\t\t\t\t<h3 class=\"elementor-post__title\">\n\t\t\t<a href=\"https:\/\/zsp-rojow.pl\/szkola\/dzien-swiadomosci-autyzmu-w-naszej-szkole\/\" >\n\t\t\t\tDzie\u0144 \u015awiadomo\u015bci Autyzmu\t\t\t<\/a>\n\t\t<\/h3>\n\t\t\n\t\t<a class=\"elementor-post__read-more\" href=\"https:\/\/zsp-rojow.pl\/szkola\/dzien-swiadomosci-autyzmu-w-naszej-szkole\/\" >\n\t\t\tCzytaj wi\u0119cej \u00bb\t\t<\/a>\n\n\t\t\t\t<\/div>\n\t\t\t\t<div class=\"elementor-post__meta-data\">\n\t\t\t\t\t<span class=\"elementor-post-author\">\n\t\t\tAleksandra Wieczorek\t\t<\/span>\n\t\t\t\t<span class=\"elementor-post-date\">\n\t\t\t1 kwietnia, 2026\t\t<\/span>\n\t\t\t\t<\/div>\n\t\t\t\t\t<\/div>\n\t\t<\/article>\n\t\t\t\t<article class=\"elementor-post elementor-grid-item post-5201 post type-post status-publish format-standard has-post-thumbnail hentry category-aktualnosci\">\n\t\t\t<div class=\"elementor-post__card\">\n\t\t\t\t<a class=\"elementor-post__thumbnail__link\" href=\"https:\/\/zsp-rojow.pl\/szkola\/wielkanocna-niespodzianka\/\" ><div class=\"elementor-post__thumbnail\"><img loading=\"lazy\" decoding=\"async\" width=\"1600\" height=\"900\" src=\"https:\/\/zsp-rojow.pl\/szkola\/wp-content\/uploads\/2026\/04\/658149202_1655242423273428_2671814556290796814_n.jpg\" class=\"attachment-full size-full wp-image-5209\" alt=\"\" srcset=\"https:\/\/zsp-rojow.pl\/szkola\/wp-content\/uploads\/2026\/04\/658149202_1655242423273428_2671814556290796814_n.jpg 1600w, https:\/\/zsp-rojow.pl\/szkola\/wp-content\/uploads\/2026\/04\/658149202_1655242423273428_2671814556290796814_n-300x169.jpg 300w, https:\/\/zsp-rojow.pl\/szkola\/wp-content\/uploads\/2026\/04\/658149202_1655242423273428_2671814556290796814_n-1024x576.jpg 1024w, https:\/\/zsp-rojow.pl\/szkola\/wp-content\/uploads\/2026\/04\/658149202_1655242423273428_2671814556290796814_n-768x432.jpg 768w, https:\/\/zsp-rojow.pl\/szkola\/wp-content\/uploads\/2026\/04\/658149202_1655242423273428_2671814556290796814_n-1536x864.jpg 1536w\" sizes=\"auto, (max-width: 1600px) 100vw, 1600px\" \/><\/div><\/a>\n\t\t\t\t<div class=\"elementor-post__badge\">Aktualno\u015bci<\/div>\n\t\t\t\t<div class=\"elementor-post__text\">\n\t\t\t\t<h3 class=\"elementor-post__title\">\n\t\t\t<a href=\"https:\/\/zsp-rojow.pl\/szkola\/wielkanocna-niespodzianka\/\" >\n\t\t\t\tWielkanocna niespodzianka\t\t\t<\/a>\n\t\t<\/h3>\n\t\t\n\t\t<a class=\"elementor-post__read-more\" href=\"https:\/\/zsp-rojow.pl\/szkola\/wielkanocna-niespodzianka\/\" >\n\t\t\tCzytaj wi\u0119cej \u00bb\t\t<\/a>\n\n\t\t\t\t<\/div>\n\t\t\t\t<div class=\"elementor-post__meta-data\">\n\t\t\t\t\t<span class=\"elementor-post-author\">\n\t\t\tAleksandra Wieczorek\t\t<\/span>\n\t\t\t\t<span class=\"elementor-post-date\">\n\t\t\t1 kwietnia, 2026\t\t<\/span>\n\t\t\t\t<\/div>\n\t\t\t\t\t<\/div>\n\t\t<\/article>\n\t\t\t\t<article class=\"elementor-post elementor-grid-item post-5120 post type-post status-publish format-standard has-post-thumbnail hentry category-konkursy\">\n\t\t\t<div class=\"elementor-post__card\">\n\t\t\t\t<a class=\"elementor-post__thumbnail__link\" href=\"https:\/\/zsp-rojow.pl\/szkola\/ii-powiatowy-konkurs-w-krainie-pszczol\/\" ><div class=\"elementor-post__thumbnail\"><img loading=\"lazy\" decoding=\"async\" width=\"2048\" height=\"1153\" src=\"https:\/\/zsp-rojow.pl\/szkola\/wp-content\/uploads\/2026\/03\/657351358_1649357297195274_6113137021907007776_n.jpg\" class=\"attachment-full size-full wp-image-5121\" alt=\"\" srcset=\"https:\/\/zsp-rojow.pl\/szkola\/wp-content\/uploads\/2026\/03\/657351358_1649357297195274_6113137021907007776_n.jpg 2048w, https:\/\/zsp-rojow.pl\/szkola\/wp-content\/uploads\/2026\/03\/657351358_1649357297195274_6113137021907007776_n-300x169.jpg 300w, https:\/\/zsp-rojow.pl\/szkola\/wp-content\/uploads\/2026\/03\/657351358_1649357297195274_6113137021907007776_n-1024x577.jpg 1024w, https:\/\/zsp-rojow.pl\/szkola\/wp-content\/uploads\/2026\/03\/657351358_1649357297195274_6113137021907007776_n-768x432.jpg 768w, https:\/\/zsp-rojow.pl\/szkola\/wp-content\/uploads\/2026\/03\/657351358_1649357297195274_6113137021907007776_n-1536x865.jpg 1536w\" sizes=\"auto, (max-width: 2048px) 100vw, 2048px\" \/><\/div><\/a>\n\t\t\t\t<div class=\"elementor-post__badge\">Konkursy<\/div>\n\t\t\t\t<div class=\"elementor-post__text\">\n\t\t\t\t<h3 class=\"elementor-post__title\">\n\t\t\t<a href=\"https:\/\/zsp-rojow.pl\/szkola\/ii-powiatowy-konkurs-w-krainie-pszczol\/\" >\n\t\t\t\tII Powiatowy Konkurs      ,,W krainie pszcz\u00f3\u0142&#8221;\t\t\t<\/a>\n\t\t<\/h3>\n\t\t\n\t\t<a class=\"elementor-post__read-more\" href=\"https:\/\/zsp-rojow.pl\/szkola\/ii-powiatowy-konkurs-w-krainie-pszczol\/\" >\n\t\t\tCzytaj wi\u0119cej \u00bb\t\t<\/a>\n\n\t\t\t\t<\/div>\n\t\t\t\t<div class=\"elementor-post__meta-data\">\n\t\t\t\t\t<span class=\"elementor-post-author\">\n\t\t\tAleksandra Wieczorek\t\t<\/span>\n\t\t\t\t<span class=\"elementor-post-date\">\n\t\t\t26 marca, 2026\t\t<\/span>\n\t\t\t\t<\/div>\n\t\t\t\t\t<\/div>\n\t\t<\/article>\n\t\t\t\t<article class=\"elementor-post elementor-grid-item post-5083 post type-post status-publish format-standard has-post-thumbnail hentry category-aktualnosci\">\n\t\t\t<div class=\"elementor-post__card\">\n\t\t\t\t<a class=\"elementor-post__thumbnail__link\" href=\"https:\/\/zsp-rojow.pl\/szkola\/pierwszy-dzien-wiosny-2\/\" ><div class=\"elementor-post__thumbnail\"><img loading=\"lazy\" decoding=\"async\" width=\"1600\" height=\"1200\" src=\"https:\/\/zsp-rojow.pl\/szkola\/wp-content\/uploads\/2026\/03\/IMG-20260320-WA0031.jpg\" class=\"attachment-full size-full wp-image-5106\" alt=\"\" srcset=\"https:\/\/zsp-rojow.pl\/szkola\/wp-content\/uploads\/2026\/03\/IMG-20260320-WA0031.jpg 1600w, https:\/\/zsp-rojow.pl\/szkola\/wp-content\/uploads\/2026\/03\/IMG-20260320-WA0031-300x225.jpg 300w, https:\/\/zsp-rojow.pl\/szkola\/wp-content\/uploads\/2026\/03\/IMG-20260320-WA0031-1024x768.jpg 1024w, https:\/\/zsp-rojow.pl\/szkola\/wp-content\/uploads\/2026\/03\/IMG-20260320-WA0031-768x576.jpg 768w, https:\/\/zsp-rojow.pl\/szkola\/wp-content\/uploads\/2026\/03\/IMG-20260320-WA0031-1536x1152.jpg 1536w\" sizes=\"auto, (max-width: 1600px) 100vw, 1600px\" \/><\/div><\/a>\n\t\t\t\t<div class=\"elementor-post__badge\">Aktualno\u015bci<\/div>\n\t\t\t\t<div class=\"elementor-post__text\">\n\t\t\t\t<h3 class=\"elementor-post__title\">\n\t\t\t<a href=\"https:\/\/zsp-rojow.pl\/szkola\/pierwszy-dzien-wiosny-2\/\" >\n\t\t\t\tPierwszy Dzie\u0144 wiosny\t\t\t<\/a>\n\t\t<\/h3>\n\t\t\n\t\t<a class=\"elementor-post__read-more\" href=\"https:\/\/zsp-rojow.pl\/szkola\/pierwszy-dzien-wiosny-2\/\" >\n\t\t\tCzytaj wi\u0119cej \u00bb\t\t<\/a>\n\n\t\t\t\t<\/div>\n\t\t\t\t<div class=\"elementor-post__meta-data\">\n\t\t\t\t\t<span class=\"elementor-post-author\">\n\t\t\tAleksandra Wieczorek\t\t<\/span>\n\t\t\t\t<span class=\"elementor-post-date\">\n\t\t\t20 marca, 2026\t\t<\/span>\n\t\t\t\t<\/div>\n\t\t\t\t\t<\/div>\n\t\t<\/article>\n\t\t\t\t<article class=\"elementor-post elementor-grid-item post-5073 post type-post status-publish format-standard has-post-thumbnail hentry category-sport\">\n\t\t\t<div class=\"elementor-post__card\">\n\t\t\t\t<a class=\"elementor-post__thumbnail__link\" href=\"https:\/\/zsp-rojow.pl\/szkola\/najmlodszy-uczestnik-otyliady-z-zsp-w-rojowie\/\" ><div class=\"elementor-post__thumbnail\"><img loading=\"lazy\" decoding=\"async\" width=\"1824\" height=\"1368\" src=\"https:\/\/zsp-rojow.pl\/szkola\/wp-content\/uploads\/2026\/03\/654216128_1641365294661141_4661231319917460545_n.jpg\" class=\"attachment-full size-full wp-image-5077\" alt=\"\" srcset=\"https:\/\/zsp-rojow.pl\/szkola\/wp-content\/uploads\/2026\/03\/654216128_1641365294661141_4661231319917460545_n.jpg 1824w, https:\/\/zsp-rojow.pl\/szkola\/wp-content\/uploads\/2026\/03\/654216128_1641365294661141_4661231319917460545_n-300x225.jpg 300w, https:\/\/zsp-rojow.pl\/szkola\/wp-content\/uploads\/2026\/03\/654216128_1641365294661141_4661231319917460545_n-1024x768.jpg 1024w, https:\/\/zsp-rojow.pl\/szkola\/wp-content\/uploads\/2026\/03\/654216128_1641365294661141_4661231319917460545_n-768x576.jpg 768w, https:\/\/zsp-rojow.pl\/szkola\/wp-content\/uploads\/2026\/03\/654216128_1641365294661141_4661231319917460545_n-1536x1152.jpg 1536w\" sizes=\"auto, (max-width: 1824px) 100vw, 1824px\" \/><\/div><\/a>\n\t\t\t\t<div class=\"elementor-post__badge\">Sport<\/div>\n\t\t\t\t<div class=\"elementor-post__text\">\n\t\t\t\t<h3 class=\"elementor-post__title\">\n\t\t\t<a href=\"https:\/\/zsp-rojow.pl\/szkola\/najmlodszy-uczestnik-otyliady-z-zsp-w-rojowie\/\" >\n\t\t\t\tNajm\u0142odszy uczestnik Otyliady z ZSP w Rojowie\t\t\t<\/a>\n\t\t<\/h3>\n\t\t\n\t\t<a class=\"elementor-post__read-more\" href=\"https:\/\/zsp-rojow.pl\/szkola\/najmlodszy-uczestnik-otyliady-z-zsp-w-rojowie\/\" >\n\t\t\tCzytaj wi\u0119cej \u00bb\t\t<\/a>\n\n\t\t\t\t<\/div>\n\t\t\t\t<div class=\"elementor-post__meta-data\">\n\t\t\t\t\t<span class=\"elementor-post-author\">\n\t\t\tAleksandra Wieczorek\t\t<\/span>\n\t\t\t\t<span class=\"elementor-post-date\">\n\t\t\t18 marca, 2026\t\t<\/span>\n\t\t\t\t<\/div>\n\t\t\t\t\t<\/div>\n\t\t<\/article>\n\t\t\t\t<\/div>\n\n\n\t\t\n\t\t\t\t<\/div>\n\t\t\t\t<\/div>\n\t\t\t\t\t<\/div>\n\t\t<\/div>\n\t\t\t\t\t\t\t<\/div>\n\t\t<\/section>\n\t\t\t\t\t\t\t<\/div>\n\t\t","protected":false},"excerpt":{"rendered":"<p>Najnowsze wydarzenia<\/p>\n","protected":false},"author":1,"featured_media":0,"parent":0,"menu_order":0,"comment_status":"closed","ping_status":"closed","template":"","meta":{"footnotes":""},"class_list":["post-42","page","type-page","status-publish","hentry"],"_links":{"self":[{"href":"https:\/\/zsp-rojow.pl\/szkola\/wp-json\/wp\/v2\/pages\/42","targetHints":{"allow":["GET"]}}],"collection":[{"href":"https:\/\/zsp-rojow.pl\/szkola\/wp-json\/wp\/v2\/pages"}],"about":[{"href":"https:\/\/zsp-rojow.pl\/szkola\/wp-json\/wp\/v2\/types\/page"}],"author":[{"embeddable":true,"href":"https:\/\/zsp-rojow.pl\/szkola\/wp-json\/wp\/v2\/users\/1"}],"replies":[{"embeddable":true,"href":"https:\/\/zsp-rojow.pl\/szkola\/wp-json\/wp\/v2\/comments?post=42"}],"version-history":[{"count":40,"href":"https:\/\/zsp-rojow.pl\/szkola\/wp-json\/wp\/v2\/pages\/42\/revisions"}],"predecessor-version":[{"id":1800,"href":"https:\/\/zsp-rojow.pl\/szkola\/wp-json\/wp\/v2\/pages\/42\/revisions\/1800"}],"wp:attachment":[{"href":"https:\/\/zsp-rojow.pl\/szkola\/wp-json\/wp\/v2\/media?parent=42"}],"curies":[{"name":"wp","href":"https:\/\/api.w.org\/{rel}","templated":true}]}}