{"id":180,"date":"2022-07-25T19:26:25","date_gmt":"2022-07-25T19:26:25","guid":{"rendered":"https:\/\/zsp-rojow.pl\/szkola\/?page_id=180"},"modified":"2026-04-01T10:31:03","modified_gmt":"2026-04-01T10:31:03","slug":"rekrutacja","status":"publish","type":"page","link":"https:\/\/zsp-rojow.pl\/szkola\/rekrutacja\/","title":{"rendered":"REKRUTACJA"},"content":{"rendered":"\t\t<div data-elementor-type=\"wp-page\" data-elementor-id=\"180\" class=\"elementor elementor-180\">\n\t\t\t\t\t\t\t\t\t<section class=\"elementor-section elementor-top-section elementor-element elementor-element-036bbee elementor-section-boxed elementor-section-height-default elementor-section-height-default\" data-id=\"036bbee\" data-element_type=\"section\" data-settings=\"{&quot;background_background&quot;:&quot;classic&quot;}\">\n\t\t\t\t\t\t<div class=\"elementor-container elementor-column-gap-default\">\n\t\t\t\t\t<div class=\"elementor-column elementor-col-100 elementor-top-column elementor-element elementor-element-3778ff0\" data-id=\"3778ff0\" data-element_type=\"column\" data-settings=\"{&quot;background_background&quot;:&quot;classic&quot;}\">\n\t\t\t<div class=\"elementor-widget-wrap elementor-element-populated\">\n\t\t\t\t\t\t\t\t<section class=\"elementor-section elementor-inner-section elementor-element elementor-element-526f8a0 elementor-section-boxed elementor-section-height-default elementor-section-height-default\" data-id=\"526f8a0\" data-element_type=\"section\">\n\t\t\t\t\t\t<div class=\"elementor-container elementor-column-gap-default\">\n\t\t\t\t\t<div class=\"elementor-column elementor-col-100 elementor-inner-column elementor-element elementor-element-f75833d\" data-id=\"f75833d\" data-element_type=\"column\">\n\t\t\t<div class=\"elementor-widget-wrap elementor-element-populated\">\n\t\t\t\t\t\t\t\t<div class=\"elementor-element elementor-element-929dd33 elementor-widget elementor-widget-text-editor\" data-id=\"929dd33\" data-element_type=\"widget\" data-widget_type=\"text-editor.default\">\n\t\t\t\t<div class=\"elementor-widget-container\">\n\t\t\t<style>\/*! elementor - v3.16.0 - 17-10-2023 *\/\n.elementor-widget-text-editor.elementor-drop-cap-view-stacked .elementor-drop-cap{background-color:#69727d;color:#fff}.elementor-widget-text-editor.elementor-drop-cap-view-framed .elementor-drop-cap{color:#69727d;border:3px solid;background-color:transparent}.elementor-widget-text-editor:not(.elementor-drop-cap-view-default) .elementor-drop-cap{margin-top:8px}.elementor-widget-text-editor:not(.elementor-drop-cap-view-default) .elementor-drop-cap-letter{width:1em;height:1em}.elementor-widget-text-editor .elementor-drop-cap{float:left;text-align:center;line-height:1;font-size:50px}.elementor-widget-text-editor .elementor-drop-cap-letter{display:inline-block}<\/style>\t\t\t\t<p>Do klasy pierwszej publicznej szko\u0142y podstawowej, kt\u00f3rej ustalono obw\u00f3d przyjmuje si\u0119 na podstawie zg\u0142oszenia rodzic\u00f3w dzieci zamieszka\u0142e w tym obwodzie.<\/p>\n<p>Kandydaci zamieszkali poza obwodem publicznej szko\u0142y podstawowej mog\u0105 by\u0107 przyj\u0119cia do klasy pierwszej po przeprowadzeniu post\u0119powania rekrutacyjnego, je\u017celi dana szko\u0142a podstawowa nadal dysponuje wolnymi miejscami. W post\u0119powaniu rekrutacyjnym s\u0105 brane pod uwag\u0119 kryteria okre\u015blone przez organ prowadz\u0105cy.&nbsp;<\/p>\n<p>Adres do aplikacji naborowej:&nbsp;<a style=\"font-family: var( --e-global-typography-text-font-family ), Sans-serif; font-weight: var( --e-global-typography-text-font-weight ); font-size: 1rem;\" href=\"https:\/\/nabor.pcss.pl\/ostrzeszow\" target=\"_blank\" rel=\"noopener\">https:\/\/nabor.pcss.pl\/ostrzeszow<\/a><\/p>\n<h3>Harmonogram rekrutacji:<\/h3>\n<ul>\n<li>Rejestracja i weryfikacja w formie elektronicznej zg\u0142osze\u0144 do przyj\u0119cie dziecka do szko\u0142y podstawowej obwodowej<\/li>\n<li><span style=\"background-color: transparent;\">&nbsp; &nbsp; &nbsp; &nbsp; od 16.03.2026 r. od godziny 8:00&nbsp;<\/span>\n<p>&nbsp; &nbsp; &nbsp; &nbsp; do 23.03.2026 r. do godziny 15:00<\/p>\n<\/li>\n<li>\n<p>Rejestracja i wyb\u00f3r kandydat\u00f3w i wyb\u00f3r preferencji w szko\u0142ach spoza obwodu&nbsp;<\/p>\n<\/li>\n<li>\n<p>&nbsp; &nbsp; &nbsp; &nbsp; od 16.03.2026 r. od godziny 8:00&nbsp;<\/p>\n<p>&nbsp; &nbsp; &nbsp; &nbsp; do 23.03.2026 r. do godziny 15:00<\/p>\n<\/li>\n<\/ul>\n<ul>\n<li>Publikacja list kandydat\u00f3w zakwalifikowanych i niezakwalifikowanych.&nbsp;<\/li>\n<\/ul>\n<p>&nbsp; &nbsp; &nbsp; &nbsp; &nbsp;<\/p><p>&nbsp; &nbsp; &nbsp; &nbsp; &nbsp;od 31.03.2026 r. do godziny 12:00<\/p>\n<p>&nbsp; &nbsp; &nbsp; &nbsp; do 07.04.2026 r.&nbsp;<\/p>\n<ul>\n<li>Z\u0142o\u017cenie o\u015bwiadczenia w formie elektronicznej przez rodzica kandydata, woli zapisu do szko\u0142y podstawowej. Uwaga dotyczy wy\u0142\u0105cznie rodzic\u00f3w kandydat\u00f3w zamieszka\u0142ych poza obwodem szko\u0142y podstawowej:<\/li>\n<\/ul>\n<p>&nbsp; &nbsp; &nbsp; &nbsp;&nbsp;<\/p><p>&nbsp; &nbsp; &nbsp; &nbsp; od 31.03.2026 r. od godziny 12:00<\/p>\n<p>&nbsp; &nbsp; &nbsp; &nbsp; do 07.04.2026 r.&nbsp;<\/p>\n<ul>\n<li>Publikacja list przyj\u0119tych i nieprzyj\u0119tych do szko\u0142y podstawowej:<\/li>\n<\/ul>\n<p>&nbsp; &nbsp; &nbsp; &nbsp;&nbsp;<\/p><p>&nbsp; &nbsp; &nbsp; &nbsp; od 14.04.2026 r. do godziny 15:00<\/p>\n<p>&nbsp; &nbsp; &nbsp; &nbsp; od 20.04.2026 r.&nbsp;<\/p>\t\t\t\t\t\t<\/div>\n\t\t\t\t<\/div>\n\t\t\t\t\t<\/div>\n\t\t<\/div>\n\t\t\t\t\t\t\t<\/div>\n\t\t<\/section>\n\t\t\t\t<div class=\"elementor-element elementor-element-35e1c9b elementor-widget elementor-widget-text-editor\" data-id=\"35e1c9b\" data-element_type=\"widget\" data-widget_type=\"text-editor.default\">\n\t\t\t\t<div class=\"elementor-widget-container\">\n\t\t\t\t\t\t\t<p><a href=\"https:\/\/zsp-rojow.pl\/szkola\/wp-content\/uploads\/2024\/03\/rekrutacja-2024-7.pdf\">Kryteria rekrutacji do klas pierwszych i dokumenty potwierdzaj\u0105ce spe\u0142nienie kryterium<\/a><\/p><p>\u00a0<\/p>\t\t\t\t\t\t<\/div>\n\t\t\t\t<\/div>\n\t\t\t\t<div class=\"elementor-element elementor-element-84b19be elementor-widget elementor-widget-spacer\" data-id=\"84b19be\" data-element_type=\"widget\" data-widget_type=\"spacer.default\">\n\t\t\t\t<div class=\"elementor-widget-container\">\n\t\t\t<style>\/*! elementor - v3.16.0 - 17-10-2023 *\/\n.elementor-column .elementor-spacer-inner{height:var(--spacer-size)}.e-con{--container-widget-width:100%}.e-con-inner>.elementor-widget-spacer,.e-con>.elementor-widget-spacer{width:var(--container-widget-width,var(--spacer-size));--align-self:var(--container-widget-align-self,initial);--flex-shrink:0}.e-con-inner>.elementor-widget-spacer>.elementor-widget-container,.e-con>.elementor-widget-spacer>.elementor-widget-container{height:100%;width:100%}.e-con-inner>.elementor-widget-spacer>.elementor-widget-container>.elementor-spacer,.e-con>.elementor-widget-spacer>.elementor-widget-container>.elementor-spacer{height:100%}.e-con-inner>.elementor-widget-spacer>.elementor-widget-container>.elementor-spacer>.elementor-spacer-inner,.e-con>.elementor-widget-spacer>.elementor-widget-container>.elementor-spacer>.elementor-spacer-inner{height:var(--container-widget-height,var(--spacer-size))}.e-con-inner>.elementor-widget-spacer.elementor-widget-empty,.e-con>.elementor-widget-spacer.elementor-widget-empty{position:relative;min-height:22px;min-width:22px}.e-con-inner>.elementor-widget-spacer.elementor-widget-empty .elementor-widget-empty-icon,.e-con>.elementor-widget-spacer.elementor-widget-empty .elementor-widget-empty-icon{position:absolute;top:0;bottom:0;left:0;right:0;margin:auto;padding:0;width:22px;height:22px}<\/style>\t\t<div class=\"elementor-spacer\">\n\t\t\t<div class=\"elementor-spacer-inner\"><\/div>\n\t\t<\/div>\n\t\t\t\t<\/div>\n\t\t\t\t<\/div>\n\t\t\t\t<div class=\"elementor-element elementor-element-7b4f070 elementor-widget elementor-widget-spacer\" data-id=\"7b4f070\" data-element_type=\"widget\" data-widget_type=\"spacer.default\">\n\t\t\t\t<div class=\"elementor-widget-container\">\n\t\t\t\t\t<div class=\"elementor-spacer\">\n\t\t\t<div class=\"elementor-spacer-inner\"><\/div>\n\t\t<\/div>\n\t\t\t\t<\/div>\n\t\t\t\t<\/div>\n\t\t\t\t\t<\/div>\n\t\t<\/div>\n\t\t\t\t\t\t\t<\/div>\n\t\t<\/section>\n\t\t\t\t\t\t\t<\/div>\n\t\t","protected":false},"excerpt":{"rendered":"<p>Do klasy pierwszej publicznej szko\u0142y podstawowej, kt\u00f3rej ustalono obw\u00f3d przyjmuje si\u0119 na podstawie zg\u0142oszenia rodzic\u00f3w dzieci zamieszka\u0142e w tym obwodzie. Kandydaci zamieszkali poza obwodem publicznej szko\u0142y podstawowej mog\u0105 by\u0107 przyj\u0119cia do klasy pierwszej po przeprowadzeniu post\u0119powania rekrutacyjnego, je\u017celi dana szko\u0142a podstawowa nadal dysponuje wolnymi miejscami. W post\u0119powaniu rekrutacyjnym s\u0105 brane pod uwag\u0119 kryteria okre\u015blone przez [&hellip;]<\/p>\n","protected":false},"author":1,"featured_media":0,"parent":0,"menu_order":0,"comment_status":"closed","ping_status":"closed","template":"","meta":{"footnotes":""},"class_list":["post-180","page","type-page","status-publish","hentry"],"_links":{"self":[{"href":"https:\/\/zsp-rojow.pl\/szkola\/wp-json\/wp\/v2\/pages\/180","targetHints":{"allow":["GET"]}}],"collection":[{"href":"https:\/\/zsp-rojow.pl\/szkola\/wp-json\/wp\/v2\/pages"}],"about":[{"href":"https:\/\/zsp-rojow.pl\/szkola\/wp-json\/wp\/v2\/types\/page"}],"author":[{"embeddable":true,"href":"https:\/\/zsp-rojow.pl\/szkola\/wp-json\/wp\/v2\/users\/1"}],"replies":[{"embeddable":true,"href":"https:\/\/zsp-rojow.pl\/szkola\/wp-json\/wp\/v2\/comments?post=180"}],"version-history":[{"count":46,"href":"https:\/\/zsp-rojow.pl\/szkola\/wp-json\/wp\/v2\/pages\/180\/revisions"}],"predecessor-version":[{"id":5173,"href":"https:\/\/zsp-rojow.pl\/szkola\/wp-json\/wp\/v2\/pages\/180\/revisions\/5173"}],"wp:attachment":[{"href":"https:\/\/zsp-rojow.pl\/szkola\/wp-json\/wp\/v2\/media?parent=180"}],"curies":[{"name":"wp","href":"https:\/\/api.w.org\/{rel}","templated":true}]}}