{"id":123,"date":"2022-05-17T19:18:57","date_gmt":"2022-05-17T19:18:57","guid":{"rendered":"https:\/\/zsp-rojow.pl\/szkola\/?page_id=123"},"modified":"2025-09-11T06:34:39","modified_gmt":"2025-09-11T06:34:39","slug":"egzamin-8-klasisty","status":"publish","type":"page","link":"https:\/\/zsp-rojow.pl\/szkola\/egzamin-8-klasisty\/","title":{"rendered":"EGZAMIN 8-KLASISTY"},"content":{"rendered":"\t\t<div data-elementor-type=\"wp-page\" data-elementor-id=\"123\" class=\"elementor elementor-123\">\n\t\t\t\t\t\t\t\t\t<section class=\"elementor-section elementor-top-section elementor-element elementor-element-036bbee elementor-section-height-full elementor-section-items-top elementor-section-boxed elementor-section-height-default\" data-id=\"036bbee\" data-element_type=\"section\" data-settings=\"{&quot;background_background&quot;:&quot;classic&quot;}\">\n\t\t\t\t\t\t<div class=\"elementor-container elementor-column-gap-default\">\n\t\t\t\t\t<div class=\"elementor-column elementor-col-100 elementor-top-column elementor-element elementor-element-3778ff0\" data-id=\"3778ff0\" data-element_type=\"column\" data-settings=\"{&quot;background_background&quot;:&quot;classic&quot;}\">\n\t\t\t<div class=\"elementor-widget-wrap elementor-element-populated\">\n\t\t\t\t\t\t\t\t<div class=\"elementor-element elementor-element-7b4f070 elementor-widget elementor-widget-spacer\" data-id=\"7b4f070\" data-element_type=\"widget\" data-widget_type=\"spacer.default\">\n\t\t\t\t<div class=\"elementor-widget-container\">\n\t\t\t<style>\/*! elementor - v3.16.0 - 17-10-2023 *\/\n.elementor-column .elementor-spacer-inner{height:var(--spacer-size)}.e-con{--container-widget-width:100%}.e-con-inner>.elementor-widget-spacer,.e-con>.elementor-widget-spacer{width:var(--container-widget-width,var(--spacer-size));--align-self:var(--container-widget-align-self,initial);--flex-shrink:0}.e-con-inner>.elementor-widget-spacer>.elementor-widget-container,.e-con>.elementor-widget-spacer>.elementor-widget-container{height:100%;width:100%}.e-con-inner>.elementor-widget-spacer>.elementor-widget-container>.elementor-spacer,.e-con>.elementor-widget-spacer>.elementor-widget-container>.elementor-spacer{height:100%}.e-con-inner>.elementor-widget-spacer>.elementor-widget-container>.elementor-spacer>.elementor-spacer-inner,.e-con>.elementor-widget-spacer>.elementor-widget-container>.elementor-spacer>.elementor-spacer-inner{height:var(--container-widget-height,var(--spacer-size))}.e-con-inner>.elementor-widget-spacer.elementor-widget-empty,.e-con>.elementor-widget-spacer.elementor-widget-empty{position:relative;min-height:22px;min-width:22px}.e-con-inner>.elementor-widget-spacer.elementor-widget-empty .elementor-widget-empty-icon,.e-con>.elementor-widget-spacer.elementor-widget-empty .elementor-widget-empty-icon{position:absolute;top:0;bottom:0;left:0;right:0;margin:auto;padding:0;width:22px;height:22px}<\/style>\t\t<div class=\"elementor-spacer\">\n\t\t\t<div class=\"elementor-spacer-inner\"><\/div>\n\t\t<\/div>\n\t\t\t\t<\/div>\n\t\t\t\t<\/div>\n\t\t\t\t<div class=\"elementor-element elementor-element-3032ba9 elementor-widget elementor-widget-text-editor\" data-id=\"3032ba9\" data-element_type=\"widget\" data-widget_type=\"text-editor.default\">\n\t\t\t\t<div class=\"elementor-widget-container\">\n\t\t\t<style>\/*! elementor - v3.16.0 - 17-10-2023 *\/\n.elementor-widget-text-editor.elementor-drop-cap-view-stacked .elementor-drop-cap{background-color:#69727d;color:#fff}.elementor-widget-text-editor.elementor-drop-cap-view-framed .elementor-drop-cap{color:#69727d;border:3px solid;background-color:transparent}.elementor-widget-text-editor:not(.elementor-drop-cap-view-default) .elementor-drop-cap{margin-top:8px}.elementor-widget-text-editor:not(.elementor-drop-cap-view-default) .elementor-drop-cap-letter{width:1em;height:1em}.elementor-widget-text-editor .elementor-drop-cap{float:left;text-align:center;line-height:1;font-size:50px}.elementor-widget-text-editor .elementor-drop-cap-letter{display:inline-block}<\/style>\t\t\t\t<p><span style=\"font-weight: bolder;\">O Egzaminie<\/span><\/p><p>Szczeg\u00f3\u0142owe informacje o zasadach przeprowadzania egzaminu \u00f3smoklasisty s\u0105 dost\u0119pne poni\u017cej:<\/p>\t\t\t\t\t\t<\/div>\n\t\t\t\t<\/div>\n\t\t\t\t<div class=\"elementor-element elementor-element-6dcdcb6 elementor-icon-list--layout-traditional elementor-list-item-link-full_width elementor-widget elementor-widget-icon-list\" data-id=\"6dcdcb6\" data-element_type=\"widget\" data-widget_type=\"icon-list.default\">\n\t\t\t\t<div class=\"elementor-widget-container\">\n\t\t\t<link rel=\"stylesheet\" href=\"https:\/\/zsp-rojow.pl\/szkola\/wp-content\/plugins\/elementor\/assets\/css\/widget-icon-list.min.css\">\t\t<ul class=\"elementor-icon-list-items\">\n\t\t\t\t\t\t\t<li class=\"elementor-icon-list-item\">\n\t\t\t\t\t\t\t\t\t\t\t<a href=\"https:\/\/zsp-rojow.pl\/szkola\/wp-content\/uploads\/2025\/09\/20250820-E8-EM-Komunikat-o-harmonogramie-2026_page-0001.pdf\" target=\"_blank\">\n\n\t\t\t\t\t\t\t\t\t\t\t\t<span class=\"elementor-icon-list-icon\">\n\t\t\t\t\t\t\t<i aria-hidden=\"true\" class=\"fas fa-file-download\"><\/i>\t\t\t\t\t\t<\/span>\n\t\t\t\t\t\t\t\t\t\t<span class=\"elementor-icon-list-text\">Harmonogram przeprowadzania egzaminu \u00f3smoklasisty<\/span>\n\t\t\t\t\t\t\t\t\t\t\t<\/a>\n\t\t\t\t\t\t\t\t\t<\/li>\n\t\t\t\t\t\t\t\t<li class=\"elementor-icon-list-item\">\n\t\t\t\t\t\t\t\t\t\t\t<a href=\"https:\/\/zsp-rojow.pl\/szkola\/wp-content\/uploads\/2025\/09\/20250820-E8_EM-Komunikat-o-przyborach-2026_page-0002.jpg\" target=\"_blank\">\n\n\t\t\t\t\t\t\t\t\t\t\t\t<span class=\"elementor-icon-list-icon\">\n\t\t\t\t\t\t\t<i aria-hidden=\"true\" class=\"fas fa-file-download\"><\/i>\t\t\t\t\t\t<\/span>\n\t\t\t\t\t\t\t\t\t\t<span class=\"elementor-icon-list-text\">Przybory<\/span>\n\t\t\t\t\t\t\t\t\t\t\t<\/a>\n\t\t\t\t\t\t\t\t\t<\/li>\n\t\t\t\t\t\t\t\t<li class=\"elementor-icon-list-item\">\n\t\t\t\t\t\t\t\t\t\t\t<a href=\"https:\/\/zsp-rojow.pl\/szkola\/wp-content\/uploads\/2025\/09\/20250820-E8-Komunikat-o-dostosowaniach-2026.pdf\" target=\"_blank\">\n\n\t\t\t\t\t\t\t\t\t\t\t\t<span class=\"elementor-icon-list-icon\">\n\t\t\t\t\t\t\t<i aria-hidden=\"true\" class=\"fas fa-file-download\"><\/i>\t\t\t\t\t\t<\/span>\n\t\t\t\t\t\t\t\t\t\t<span class=\"elementor-icon-list-text\">Dostosowania<\/span>\n\t\t\t\t\t\t\t\t\t\t\t<\/a>\n\t\t\t\t\t\t\t\t\t<\/li>\n\t\t\t\t\t\t<\/ul>\n\t\t\t\t<\/div>\n\t\t\t\t<\/div>\n\t\t\t\t<div class=\"elementor-element elementor-element-84b19be elementor-widget elementor-widget-spacer\" data-id=\"84b19be\" data-element_type=\"widget\" data-widget_type=\"spacer.default\">\n\t\t\t\t<div class=\"elementor-widget-container\">\n\t\t\t\t\t<div class=\"elementor-spacer\">\n\t\t\t<div class=\"elementor-spacer-inner\"><\/div>\n\t\t<\/div>\n\t\t\t\t<\/div>\n\t\t\t\t<\/div>\n\t\t\t\t<div class=\"elementor-element elementor-element-1689084 elementor-widget elementor-widget-text-editor\" data-id=\"1689084\" data-element_type=\"widget\" data-widget_type=\"text-editor.default\">\n\t\t\t\t<div class=\"elementor-widget-container\">\n\t\t\t\t\t\t\t<p><span style=\"color: var( --e-global-color-text ); font-family: var( --e-global-typography-text-font-family ), Sans-serif; font-weight: var( --e-global-typography-text-font-weight ); background-color: var( --e-global-color-accent ); font-size: 1rem;\">Poni\u017cej podano informacje najwa\u017cniejsze.<\/span><\/p>\n<p>Od 2026 r. egzamin \u00f3smoklasisty obejmuje wiadomo\u015bci i umiej\u0119tno\u015bci okre\u015blone wymaganiach og\u00f3lnych<br>i szczeg\u00f3\u0142owych podstawy programowej kszta\u0142cenia og\u00f3lnego dla trzech przedmiot\u00f3w egzaminacyjnych, tj. j\u0119zyka polskiego, matematyki i j\u0119zyka obcego nowo\u017cytnego.<\/p>\n<p>Do egzaminu \u00f3smoklasisty przyst\u0119puj\u0105:<\/p>\n<ul>\n<li>uczniowie VIII klasy szko\u0142y podstawowej<\/li>\n<li>uczniowie szk\u00f3\u0142 artystycznych realizuj\u0105cych kszta\u0142cenie og\u00f3lne w zakresie szko\u0142y podstawowej \u2013 w klasie, kt\u00f3rej zakres nauczania odpowiada klasie VIII szko\u0142y podstawowej.<\/li>\n<\/ul>\n<p>Egzamin \u00f3smoklasisty jest egzaminem&nbsp;<u>obowi\u0105zkowym<\/u>, co oznacza, \u017ce ka\u017cdy ucze\u0144 musi do niego przyst\u0105pi\u0107, aby uko\u0144czy\u0107 szko\u0142\u0119. Nie jest okre\u015blony minimalny wynik, jaki ucze\u0144 powinien uzyska\u0107, dlatego egzaminu \u00f3smoklasisty nie mo\u017cna nie zda\u0107.<\/p>\n<p>Egzamin \u00f3smoklasisty jest przeprowadzany w formie pisemnej.<strong><br><\/strong><\/p>\n<p>\u00d3smoklasista przyst\u0119puje do egzaminu z trzech przedmiot\u00f3w obowi\u0105zkowych, tj.:<\/p>\n<ol>\n<li>j\u0119zyka polskiego<\/li>\n<li>matematyki<\/li>\n<li>j\u0119zyka obcego nowo\u017cytnego.<\/li>\n<\/ol>\n<p>\u00d3smoklasista przyst\u0119puje do egzaminu z jednego z nast\u0119puj\u0105cych j\u0119zyk\u00f3w obcych nowo\u017cytnych: angielskiego, francuskiego, hiszpa\u0144skiego, niemieckiego, rosyjskiego lub w\u0142oskiego. Ucze\u0144 mo\u017ce wybra\u0107 tylko ten j\u0119zyk, kt\u00f3rego uczy si\u0119 w szkole w ramach obowi\u0105zkowych zaj\u0119\u0107 edukacyjnych.<\/p>\n<h3 class=\"wp-block-heading\"><strong>Przebieg egzaminu \u00f3smoklasisty<\/strong><\/h3>\n<p>Egzamin \u00f3smoklasisty odbywa si\u0119 w maju. Ucze\u0144, kt\u00f3ry z przyczyn losowych lub zdrowotnych nie \u200eprzyst\u0105pi do egzaminu w tym terminie, przyst\u0119puje do niego w czerwcu.\u200e<\/p>\n<p>Egzamin \u00f3smoklasisty jest przeprowadzany przez trzy kolejne dni:<\/p>\n<ol>\n<li>pierwszego dnia \u2013 egzamin z j\u0119zyka polskiego, kt\u00f3ry trwa 120 minut<\/li>\n<li>drugiego dnia \u2013 egzamin z matematyki, kt\u00f3ry trwa 100 minut<\/li>\n<li>trzeciego dnia \u2013 egzamin z j\u0119zyka obcego nowo\u017cytnego, kt\u00f3ry trwa 90 minut.<\/li>\n<\/ol>\n<p>Na egzamin ucze\u0144 przynosi ze sob\u0105 wy\u0142\u0105cznie przybory do pisania: pi\u00f3ro lub d\u0142ugopis \u200ez czarnym tuszem\/atramentem, a w przypadku egzaminu z matematyki r\u00f3wnie\u017c linijk\u0119. \u200e<\/p>\n<p>Na egzaminie nie mo\u017cna korzysta\u0107 z kalkulatora oraz s\u0142ownik\u00f3w. Nie wolno tak\u017ce wnosi\u0107 do sali egzaminacyjnej urz\u0105dze\u0144 telekomunikacyjnych lub korzysta\u0107 z takich urz\u0105dze\u0144 w tej sali.<\/p>\n<h2 class=\"wp-block-heading\">Zadania na egzaminie \u00f3smoklasisty<\/h2>\n<p>W arkuszu egzaminacyjnym \u200ez ka\u017cdego przedmiotu znajd\u0105 si\u0119 zar\u00f3wno zadania \u200ezamkni\u0119te (tj. takie, w kt\u00f3rych ucze\u0144 wybiera jedn\u0105 odpowied\u017a z kilku podanych), jak i zadania otwarte (tj. takie, w kt\u00f3rych ucze\u0144 samodzielnie formu\u0142uje odpowied\u017a). \u200e<\/p>\n<p>Przyk\u0142adowe zadania wraz z rozwi\u0105zaniami mo\u017cna znale\u017a\u0107 w informatorach o egzaminie \u00f3smoklasisty z poszczeg\u00f3lnych przedmiot\u00f3w, w przyk\u0142adowych arkuszach egzaminacyjnych, w arkuszach z egzamin\u00f3w pr\u00f3bnych, w zestawach powt\u00f3rzeniowych zada\u0144 egzaminacyjnych oraz w arkuszach wykorzystanych do przeprowadzenia egzaminu \u00f3smoklasisty w latach 2019\u20132024.<\/p>\n<h2 class=\"wp-block-heading\">Wyniki i za\u015bwiadczenia<\/h2>\n<p>W 2025 r. uczniowie poznaj\u0105 swoje wyniki i otrzymaj\u0105 za\u015bwiadczenia o szczeg\u00f3\u0142owych \u200ewynikach egzaminu \u00f3smoklasisty 4 lipca. Na za\u015bwiadczeniu podany b\u0119dzie wynik procentowy oraz wynik na skali \u200ecentylowej dla egzaminu z ka\u017cdego przedmiotu.<\/p>\n<p>Wynik procentowy to odsetek punkt\u00f3w (zaokr\u0105glony do liczby ca\u0142kowitej), kt\u00f3re ucze\u0144 \u200ezdoby\u0142 za zadania z danego przedmiotu.<\/p>\n<p>Wynik centylowy to odsetek liczby \u00f3smoklasist\u00f3w (zaokr\u0105glony do liczby ca\u0142kowitej), kt\u00f3rzy \u200euzyskali z egzaminu z danego przedmiotu wynik taki sam lub ni\u017cszy ni\u017c zdaj\u0105cy.<\/p>\n<p>Na przyk\u0142ad ucze\u0144, kt\u00f3ry z j\u0119zyka polskiego uzyska\u0142 78% punkt\u00f3w mo\u017cliwych do zdobycia \u200e\u200e(wynik procentowy), dowie si\u0119 z za\u015bwiadczenia, \u017ce wynik taki sam lub ni\u017cszy uzyska\u0142o \u200e\u200e73% wszystkich zdaj\u0105cych (wynik centylowy), co oznacza, \u017ce wynik wy\u017cszy uzyska\u0142o \u200e\u200e27% zdaj\u0105cych. Wynik centylowy umo\u017cliwia por\u00f3wnanie swojego wyniku z wynikami \u200euczni\u00f3w w ca\u0142ym kraju.<\/p>\n<p>Wyniki egzaminacyjne s\u0105 ostateczne i nie mog\u0105 by\u0107 podwa\u017cone na drodze s\u0105dowej.\u200e<\/p>\n<h2 class=\"wp-block-heading\">Informacje dodatkowe<\/h2>\n<h3 class=\"wp-block-heading\">EGZAMIN \u00d3SMOKLASISTY W J\u0118ZYKU MNIEJSZO\u015aCI NARODOWEJ, MNIEJSZO\u015aCI ETNICZNEJ \u200eI J\u0118ZYKU REGIONALNYM<\/h3>\n<p>Uczniowie szk\u00f3\u0142 lub oddzia\u0142\u00f3w, w kt\u00f3rych zaj\u0119cia s\u0105 prowadzone w j\u0119zyku mniejszo\u015bci \u200enarodowej, j\u0119zyku mniejszo\u015bci etnicznej lub j\u0119zyku regionalnym, rozwi\u0105zuj\u0105 zadania \u200ez matematyki w j\u0119zyku polskim albo w j\u0119zyku danej mniejszo\u015bci narodowej, mniejszo\u015bci \u200eetnicznej lub w j\u0119zyku regionalnym. Stosown\u0105 deklaracj\u0119 rodzice (prawni opiekunowie) \u200eucznia sk\u0142adaj\u0105 do 30 wrze\u015bnia roku szkolnego, w kt\u00f3rym jest przeprowadzany egzamin.\u200e<\/p>\n<h3 class=\"wp-block-heading\">\u200eEGZAMIN \u00d3SMOKLASISTY Z J\u0118ZYKA OBCEGO NOWO\u017bYTNEGO<\/h3>\n<p>Rodzice (prawni opiekunowie) ucznia nie p\u00f3\u017aniej ni\u017c do 30 wrze\u015bnia roku szkolnego, \u200ew kt\u00f3rym jest przeprowadzany egzamin, sk\u0142adaj\u0105 dyrektorowi szko\u0142y pisemn\u0105 deklaracj\u0119 \u200eo przyst\u0105pieniu ucznia do egzaminu z jednego z j\u0119zyk\u00f3w obcych nowo\u017cytnych, \u200ekt\u00f3rego ucze\u0144 uczy si\u0119 w szkole jako przedmiotu obowi\u0105zkowego. Osoby \u200epe\u0142noletnie sk\u0142adaj\u0105 tak\u0105 deklaracj\u0119 samodzielnie.\u200e<\/p>\n<h3 class=\"wp-block-heading\">UPRAWNIENIA LAUREAT\u00d3W I FINALIST\u00d3W KONKURS\u00d3W<\/h3>\n<p>Ucze\u0144, kt\u00f3ry jest laureatem lub finalist\u0105 olimpiady przedmiotowej wymienionej w wykazie olimpiad lub laureatem konkursu \u200eprzedmiotowego o zasi\u0119gu wojew\u00f3dzkim lub ponadwojew\u00f3dzkim, organizowanych \u200ez zakresu jednego z przedmiot\u00f3w obj\u0119tych egzaminem \u00f3smoklasisty, jest zwolniony \u200ez egzaminu z danego przedmiotu. Zwolnienie jest r\u00f3wnoznaczne z uzyskaniem \u200ez przedmiotu najwy\u017cszego wyniku.\u200e<\/p>\n<h3 class=\"wp-block-heading\">\u200eUPRAWNIENIA UCZNI\u00d3W ZE SPECJALNYMI POTRZEBAMI EDUKACYJNYMI<\/h3>\n<p>Uczniowie ze specjalnymi potrzebami edukacyjnymi, w tym uczniowie niepe\u0142nosprawni, \u200eniedostosowani spo\u0142ecznie oraz zagro\u017ceni niedostosowaniem spo\u0142ecznym, uczniowie, o kt\u00f3rych mowa w art. 165 ust. 1 ustawy z dnia 14 grudnia 2016 r.&nbsp;<em>Prawo o\u015bwiatowe<\/em>&nbsp;(cudzoziemcy),&nbsp;oraz uczniowie \u2013 obywatele Ukrainy przyst\u0119puj\u0105 do \u200eegzaminu \u00f3smoklasisty w warunkach i\/lub formach dostosowanych do ich potrzeb. Szczeg\u00f3\u0142owe \u200einformacje dotycz\u0105ce dostosowa\u0144 s\u0105 og\u0142aszane w komunikacie o dostosowaniach.<\/p>\t\t\t\t\t\t<\/div>\n\t\t\t\t<\/div>\n\t\t\t\t\t<\/div>\n\t\t<\/div>\n\t\t\t\t\t\t\t<\/div>\n\t\t<\/section>\n\t\t\t\t\t\t\t<\/div>\n\t\t","protected":false},"excerpt":{"rendered":"<p>O Egzaminie Szczeg\u00f3\u0142owe informacje o zasadach przeprowadzania egzaminu \u00f3smoklasisty s\u0105 dost\u0119pne poni\u017cej: Harmonogram przeprowadzania egzaminu \u00f3smoklasisty Przybory Dostosowania Poni\u017cej podano informacje najwa\u017cniejsze. Od 2026 r. egzamin \u00f3smoklasisty obejmuje wiadomo\u015bci i umiej\u0119tno\u015bci okre\u015blone wymaganiach og\u00f3lnychi szczeg\u00f3\u0142owych podstawy programowej kszta\u0142cenia og\u00f3lnego dla trzech przedmiot\u00f3w egzaminacyjnych, tj. j\u0119zyka polskiego, matematyki i j\u0119zyka obcego nowo\u017cytnego. Do egzaminu \u00f3smoklasisty przyst\u0119puj\u0105: [&hellip;]<\/p>\n","protected":false},"author":1,"featured_media":0,"parent":0,"menu_order":0,"comment_status":"closed","ping_status":"closed","template":"","meta":{"footnotes":""},"class_list":["post-123","page","type-page","status-publish","hentry"],"_links":{"self":[{"href":"https:\/\/zsp-rojow.pl\/szkola\/wp-json\/wp\/v2\/pages\/123","targetHints":{"allow":["GET"]}}],"collection":[{"href":"https:\/\/zsp-rojow.pl\/szkola\/wp-json\/wp\/v2\/pages"}],"about":[{"href":"https:\/\/zsp-rojow.pl\/szkola\/wp-json\/wp\/v2\/types\/page"}],"author":[{"embeddable":true,"href":"https:\/\/zsp-rojow.pl\/szkola\/wp-json\/wp\/v2\/users\/1"}],"replies":[{"embeddable":true,"href":"https:\/\/zsp-rojow.pl\/szkola\/wp-json\/wp\/v2\/comments?post=123"}],"version-history":[{"count":71,"href":"https:\/\/zsp-rojow.pl\/szkola\/wp-json\/wp\/v2\/pages\/123\/revisions"}],"predecessor-version":[{"id":4289,"href":"https:\/\/zsp-rojow.pl\/szkola\/wp-json\/wp\/v2\/pages\/123\/revisions\/4289"}],"wp:attachment":[{"href":"https:\/\/zsp-rojow.pl\/szkola\/wp-json\/wp\/v2\/media?parent=123"}],"curies":[{"name":"wp","href":"https:\/\/api.w.org\/{rel}","templated":true}]}}