{"id":188,"date":"2022-05-17T17:56:05","date_gmt":"2022-05-17T17:56:05","guid":{"rendered":"http:\/\/localhost\/przedszkole\/?page_id=188"},"modified":"2022-08-25T18:10:29","modified_gmt":"2022-08-25T18:10:29","slug":"uroczystosci","status":"publish","type":"page","link":"https:\/\/zsp-rojow.pl\/przedszkole\/uroczystosci\/","title":{"rendered":"UROCZYSTO\u015aCI"},"content":{"rendered":"\t\t<div data-elementor-type=\"wp-page\" data-elementor-id=\"188\" class=\"elementor elementor-188\">\n\t\t\t\t\t\t\t\t\t<section class=\"elementor-section elementor-top-section elementor-element elementor-element-1906550 elementor-section-boxed elementor-section-height-default elementor-section-height-default\" data-id=\"1906550\" data-element_type=\"section\" data-settings=\"{&quot;background_background&quot;:&quot;classic&quot;}\">\n\t\t\t\t\t\t<div class=\"elementor-container elementor-column-gap-default\">\n\t\t\t\t\t<div class=\"elementor-column elementor-col-100 elementor-top-column elementor-element elementor-element-4d55228\" data-id=\"4d55228\" data-element_type=\"column\">\n\t\t\t<div class=\"elementor-widget-wrap elementor-element-populated\">\n\t\t\t\t\t\t\t\t<section class=\"elementor-section elementor-inner-section elementor-element elementor-element-76b99ec elementor-section-full_width elementor-section-height-default elementor-section-height-default\" data-id=\"76b99ec\" data-element_type=\"section\" data-settings=\"{&quot;background_background&quot;:&quot;classic&quot;}\">\n\t\t\t\t\t\t<div class=\"elementor-container elementor-column-gap-default\">\n\t\t\t\t\t<div class=\"elementor-column elementor-col-100 elementor-inner-column elementor-element elementor-element-f8c1042\" data-id=\"f8c1042\" data-element_type=\"column\">\n\t\t\t<div class=\"elementor-widget-wrap elementor-element-populated\">\n\t\t\t\t\t\t\t\t<div class=\"elementor-element elementor-element-ae9aabf elementor-widget elementor-widget-html\" data-id=\"ae9aabf\" data-element_type=\"widget\" data-widget_type=\"html.default\">\n\t\t\t\t<div class=\"elementor-widget-container\">\n\t\t\t<table>\r\n<tbody>\r\n<td colspan=\"3\">\r\n  <strong><CENTER>Wrzesie\u0144<\/CENTER><\/strong>\r\n  <\/td><\/tr><tr><td>\r\n  <strong>1.<\/strong>\r\n  \r\n  <\/td><td>\r\n  <strong>Powitanie Jesieni<\/strong>\r\n  <\/td><td>\r\n  Wewn\u0105trz-przedszkolny konkurs plastyczny pt: \u201ePortret Pani\r\n  Jesieni\u201d\r\n  <\/td><\/tr><tr><td>\r\n  <strong>2.<\/strong>\r\n  <\/td><td>\r\n  <strong>Dzie\u0144 Ch\u0142opca <\/strong>\r\n  <\/td><td>\r\n  Upominki w grupach przygotowane przez Rodzic\u00f3w \r\n  <\/td><\/tr><tr><td>\r\n  <strong>&nbsp;<\/strong>\r\n  <\/td><td colspan=\"3\">\r\n  <strong><CENTER>Pa\u017adziernik<\/CENTER><\/strong>\r\n  <\/td><\/tr><tr><td>\r\n  <strong>3.<\/strong>\r\n  <\/td><td>\r\n  <strong>Dzie\u0144 Pyry<\/strong>\r\n  <\/td><td>\r\n  Zabawy tematyczne w salach przedszkolnych\r\n  <\/td><\/tr><tr><td>\r\n  <strong>4.<\/strong>\r\n  <\/td><td>\r\n  <strong>\u015awiatowy Dzie\u0144 Muzyki (25 pa\u017adziernika)<\/strong>\r\n  <\/td><td>\r\n  Zaj\u0119cia tematyczne; \r\n  Wsp\u00f3lne zabawy przy muzyce w grupach: kszta\u0142towanie poczucia\r\n  rytmu (improwizacje ruchowe i rytmiczne), rozwijanie wra\u017cliwo\u015bci i wyobra\u017ani\r\n  muzycznej\r\n  <\/td><\/tr><tr><td>\r\n  <strong>5.<\/strong>\r\n  <\/td><td>\r\n  <strong>Sprintem do maratonu<\/strong>\r\n  <\/td><td>\r\n  VI Og\u00f3lnopolski Maraton Przedszkolak\u00f3w -promocja zdrowego\r\n  stylu \u017cycia, zach\u0119cenie do aktywno\u015bci fizycznej.\r\n  <\/td><\/tr><tr><td>\r\n  <strong>6.<\/strong>\r\n  \r\n  <\/td><td>\r\n  <strong>Dzie\u0144 &nbsp;<\/strong>\r\n  <strong>Przedszkolaka\/Pasowanie <\/strong>\r\n  <\/td><td>\r\n  Pasowanie dzieci, kt\u00f3re rozpocz\u0119\u0142y edukacj\u0119 w przedszkolu\r\n  <\/td><\/tr><tr><td>\r\n  <strong>7.<\/strong>\r\n  <\/td><td>\r\n  <strong>Dzie\u0144 Gier Planszowych <\/strong>\r\n  <\/td><td>\r\n  Tworzenie gier i zabaw tematycznych. \r\n  <\/td><\/tr><tr><td>\r\n  <strong>&nbsp;<\/strong>\r\n  <\/td><td colspan=\"3\">\r\n  <strong><CENTER>Listopad<\/CENTER><\/strong>\r\n  <\/td><\/tr><tr><td>\r\n  <strong>8.<\/strong>\r\n  <\/td><td>\r\n  <strong>Dzie\u0144 Postaci z Bajek<\/strong>\r\n  <\/td><td>\r\n  Wewn\u0105trz-przedszkolny konkurs na przedstawienie postaci\r\n  bajkowej.\r\n  <\/td><\/tr><tr><td>\r\n  <strong>9.<\/strong>\r\n  <\/td><td>\r\n  <strong>Dzie\u0144 Kredki (22listopad)<\/strong>\r\n  <\/td><td>\r\n  Zaj\u0119cia tematyczne, wykonanie prac plastycznych przy\r\n  u\u017cyciu kredek\r\n  <\/td><\/tr><tr><td>\r\n  <strong>10.<\/strong>\r\n  <\/td><td>\r\n  <strong>Dzie\u0144 Pluszowego Misia <\/strong>\r\n  <\/td><td>\r\n  Misiowe zabawy w grupach.\r\n  <\/td><\/tr><tr><td>\r\n  <strong>11.<\/strong>\r\n  <\/td><td>\r\n  <strong>Andrzejki<\/strong>\r\n  <\/td><td>\r\n  Zabawy i wr\u00f3\u017cby w grupach.\r\n  <\/td><\/tr><tr><td>\r\n  <strong>&nbsp;<\/strong>\r\n  <\/td><td colspan=\"3\">\r\n  <strong><CENTER>Grudzie\u0144<\/CENTER><\/strong>\r\n  <\/td><\/tr><tr><td>\r\n  <strong>12.<\/strong>\r\n  <\/td><td>\r\n  <strong>Dzie\u0144 Ma\u0142py (14 grudnia)<\/strong>\r\n  <\/td><td>\r\n  Zaj\u0119cia tematyczne \r\n  <\/td><\/tr><tr><td>\r\n  <strong>13.<\/strong>\r\n  <\/td><td>\r\n  <strong>Miko\u0142ajki <\/strong>\r\n  <\/td><td>\r\n  Upominki przygotowane przez Rad\u0119 Rodzic\u00f3w. Spotkanie z\r\n  Miko\u0142ajem\r\n  <\/td><\/tr><tr><td>\r\n  <strong>14.<\/strong>\r\n  \r\n  <\/td><td>\r\n  <strong>Dzie\u0144 umiej\u0119tno\u015bci wokalno-\r\n  tanecznych<\/strong>\r\n  <\/td><td>\r\n  Konkurs\r\n  wokalno-taneczny w grupach.\r\n  <\/td><\/tr><tr><td>\r\n  <strong>15.<\/strong>\r\n  \r\n  <\/td><td>\r\n  <strong>Wigilia w przedszkolu <\/strong>\r\n  <\/td><td>\r\n  Spotkanie przy wigilijnym stole w grupach\r\n  <\/td><\/tr><tr><td>\r\n  <strong>&nbsp;<\/strong>\r\n  <\/td><td colspan=\"3\">\r\n  <strong><CENTER>Stycze\u0144<\/CENTER><\/strong>\r\n  <\/td><\/tr><tr><td>\r\n  <strong>16.<\/strong>\r\n  <\/td><td>\r\n  <strong>Dzie\u0144 Babci i Dziadka <\/strong>\r\n  <\/td><td>\r\n  Program artystyczny dla zaproszonych go\u015bci.\r\n  <\/td><\/tr><tr><td>\r\n  <strong>17.<\/strong>\r\n  <\/td><td>\r\n  <strong>Bal karnawa\u0142owy <\/strong>\r\n  <\/td><td>\r\n  Konkursy i zabawy przebiera\u0144c\u00f3w w grupach.\r\n  <\/td><\/tr><tr><td>\r\n  <strong>18.<\/strong>\r\n  <\/td><td>\r\n  <strong>Mi\u0119dzynarodowy Dzie\u0144 Puzzli (29 stycze\u0144)<\/strong>\r\n  <\/td><td>\r\n  Zabawy tematyczne \r\n  <\/td><\/tr><tr><td>\r\n  <strong>&nbsp;<\/strong>\r\n  <\/td><td colspan=\"3\">\r\n  <strong><CENTER>Luty<\/CENTER><\/strong>\r\n  <\/td><\/tr><tr><td>\r\n  <strong>19.<\/strong>\r\n  <\/td><td>\r\n  <strong>Dzie\u0144 Dinozaura <\/strong>\r\n  <\/td><td>\r\n  Poznajemy prehistori\u0119 w zabawach !\r\n  <\/td><\/tr><tr><td>\r\n  <strong>20.<\/strong>\r\n  \r\n  <\/td><td>\r\n  <strong>Poczta Walentynkowa<\/strong>\r\n  <\/td><td>\r\n  Przygotowanie laurek walentynkowych. Zabawy tematyczne w\r\n  grupach.\r\n  <\/td><\/tr><tr><td>\r\n  <strong><\/strong>\r\n  <\/td><td colspan=\"3\">\r\n  <strong><CENTER>Marzec<\/CENTER><\/strong>\r\n  <\/td><\/tr><tr><td>\r\n  <strong>21.<\/strong>\r\n  <\/td><td>\r\n  <strong>Dzie\u0144 Kobiet <\/strong>\r\n  <\/td><td>\r\n  Upominki dla dziewczynek przygotowane przez Rodzic\u00f3w \r\n  <\/td><\/tr><tr><td>\r\n  <strong>22.<\/strong>\r\n  <\/td><td>\r\n  <strong>Dzie\u0144 Matematyki <\/strong>\r\n  <\/td><td>\r\n  Konkursy i zabawy dla dzieci <br>\r\n  w grupach. \r\n  <\/td><\/tr><tr><td>\r\n  <strong>23.<\/strong>\r\n  <\/td><td>\r\n  <strong>Dzie\u0144 \u015awi\u0119tego Patryka (17 marca)<\/strong>\r\n  <\/td><td>\r\n  Dzieci maj\u0105 na sobie zielony akcent odzie\u017cy, spo\u017cywanie\r\n  posi\u0142k\u00f3w <br>\r\n  z produkt\u00f3w w tym kolorze, gry i zabawy tematyczne w j\u0119zyku angielskim\r\n  <\/td><\/tr><tr><td>\r\n  <strong>24.<\/strong>\r\n  <\/td><td>\r\n  <strong>Dzie\u0144 Wiosny <\/strong>\r\n  <\/td><td>\r\n  Po\u017cegnanie zimy, spacer z gaikiem.\r\n  <\/td><\/tr><tr><td>\r\n  <strong>25.<\/strong>\r\n  \r\n  <\/td><td>\r\n  <strong>Dzie\u0144 Kolorowej<\/strong>\r\n  <strong>Skarpety <\/strong>\r\n  <\/td><td>\r\n  Dzieci z zespo\u0142em Downa- w\u0142\u0105czenie si\u0119 do akcji szkolnej.\r\n  <\/td><\/tr><tr><td>\r\n  <strong>&nbsp;<\/strong>\r\n  <\/td><td colspan=\"3\">\r\n  <strong><CENTER>Kwiecie\u0144<\/CENTER><\/strong>\r\n  <\/td><\/tr><tr><td>\r\n  <strong>26.<\/strong>\r\n  <\/td><td>\r\n  <strong>Niebieski Dzie\u0144 <\/strong>\r\n  <\/td><td>\r\n  Dzieci z autyzmem- w\u0142\u0105czenie si\u0119 do akcji szkolnej.\r\n  <\/td><\/tr><tr><td>\r\n  <strong>27.<\/strong>\r\n  <\/td><td>\r\n  <strong>Dzie\u0144 Marchewki <\/strong>\r\n  <\/td><td>\r\n  Przygotowywanie sok\u00f3w lub sur\u00f3wek, wykonanie prac\r\n  plastycznych promuj\u0105cych spo\u017cywanie warzyw\r\n  <\/td><\/tr><tr><td>\r\n  <strong>28.<\/strong>\r\n  <\/td><td>\r\n  <strong>Dzie\u0144 Ziemi <\/strong>\r\n  <\/td><td>\r\n  Udzia\u0142 w <em>\u201eAkcji\r\n  Sprz\u0105tania \u015awiata\u201d<\/em>\r\n  <\/td><\/tr><tr><td>\r\n  <strong>29.<\/strong>\r\n  <\/td><td>\r\n  <strong>\u015awiatowy Dzie\u0144 Ksi\u0105\u017cki<\/strong>\r\n  <\/td><td>\r\n  Wewn\u0105trz-przedszkolny konkurs na najciekawsz\u0105 ok\u0142adk\u0119\r\n  ulubionej bajki. \r\n  <\/td><\/tr><tr><td>\r\n  <strong>30.<\/strong>\r\n  \r\n  <\/td><td>\r\n  <strong>Wielkanocny zaj\u0105czek <\/strong>\r\n  <\/td><td>\r\n  Poszukiwania koszyczk\u00f3w w ogrodzie przedszkolnym.\r\n  <\/td><\/tr><tr><td>\r\n  <strong>&nbsp;<\/strong>\r\n  <\/td><td colspan=\"3\">\r\n  <strong><CENTER>Maj<\/CENTER><\/strong>\r\n  <\/td><\/tr><tr><td>\r\n  <strong>31.<\/strong>\r\n  <\/td><td>\r\n  <strong>Dzie\u0144 Stra\u017caka <\/strong>\r\n  <\/td><td>\r\n  Wycieczka do stra\u017cy po\u017carnej \r\n  <\/td><\/tr><tr><td>\r\n  <strong>32.<\/strong>\r\n  \r\n  <\/td><td>\r\n  <strong><em>\u201eZmieniamy odpady\r\n  <br>\r\n  na rzeczy do zabawy\u201d<\/em> <\/strong>\r\n  <\/td><td>\r\n  Konkurs rodzinny na eko-stworka\r\n  <\/td><\/tr><tr><td>\r\n  \r\n  <\/td><td>\r\n  <strong><em>Dzie\u0144 Kosmosu<\/em><\/strong>\r\n  <\/td><td>\r\n  Stworzenie k\u0105cik\u00f3w tematycznych oraz gry i zabawy o\r\n  kosmosie\r\n  <\/td><\/tr><tr><td>\r\n  <strong>33.<\/strong>\r\n  <\/td><td>\r\n  <strong>Wycieczka <\/strong>\r\n  <\/td><td>\r\n  Gospodarstwo Agroturystyczne \r\n  \u201eCicho-sza\u201d w Nied\u017awiedziu \r\n  <\/td><\/tr><tr><td>\r\n  <strong>34.<\/strong>\r\n  <\/td><td>\r\n  <strong>Dni adaptacyjne<\/strong>\r\n  <\/td><td>\r\n  Nawi\u0105zanie kontaktu z dzie\u0107mi i ich rodzicami, integracja\r\n  rodzin, poznawanie oczekiwa\u0144 dzieci i rodzic\u00f3w wobec plac\u00f3wki, przygotowanie\r\n  rodzic\u00f3w do udzielania dziecku wsparcia w procesie adaptacji\r\n  <\/td><\/tr><tr><td>\r\n  <strong>&nbsp;<\/strong>\r\n  <\/td><td colspan=\"3\">\r\n  <strong><CENTER>>Czerwiec<\/CENTER><\/strong>\r\n  <\/td><\/tr><tr><td>\r\n  <strong>35.<\/strong>\r\n  <\/td><td>\r\n  <strong>Dzie\u0144 Dziecka<\/strong>\r\n  <\/td><td>\r\n  Wycieczka do Rodzinnego Parku Przyg\u00f3d w G\u00f3reczniku \r\n  <\/td><\/tr><tr><td>\r\n  <strong>36.<\/strong>\r\n  \r\n  <\/td><td>\r\n  <strong>Festyn Rodzinny. Dzie\u0144 &nbsp;&nbsp;&nbsp;&nbsp;&nbsp;<\/strong>\r\n  <strong>Mamy i Taty <\/strong>\r\n  <\/td><td>\r\n  Spotkanie rodzinne. Wyst\u0119py artystyczne dzieci.\r\n  <\/td><\/tr><tr><td>\r\n  <strong>37.<\/strong>\r\n  <\/td><td>\r\n  <strong><em>\u201eJedzenie ma\r\n  znaczenie\u201d<\/em><\/strong>\r\n  <\/td><td>\r\n  Spotkanie z dietetykiem \r\n  <\/td><\/tr><tr><td>\r\n  <strong>38.<\/strong>\r\n  <\/td><td>\r\n  <strong><em>Po\u017cegnanie Starszak\u00f3w\r\n  (6latki)<\/em><\/strong>\r\n  <\/td><td>\r\n  Przygotowanie programu\r\n  artystycznego \r\n  <\/td><\/tr><\/tbody><\/table>\t\t<\/div>\n\t\t\t\t<\/div>\n\t\t\t\t\t<\/div>\n\t\t<\/div>\n\t\t\t\t\t\t\t<\/div>\n\t\t<\/section>\n\t\t\t\t<div class=\"elementor-element elementor-element-ba47d32 elementor-widget elementor-widget-text-editor\" data-id=\"ba47d32\" data-element_type=\"widget\" data-widget_type=\"text-editor.default\">\n\t\t\t\t<div class=\"elementor-widget-container\">\n\t\t\t<style>\/*! elementor - v3.16.0 - 17-10-2023 *\/\n.elementor-widget-text-editor.elementor-drop-cap-view-stacked .elementor-drop-cap{background-color:#69727d;color:#fff}.elementor-widget-text-editor.elementor-drop-cap-view-framed .elementor-drop-cap{color:#69727d;border:3px solid;background-color:transparent}.elementor-widget-text-editor:not(.elementor-drop-cap-view-default) .elementor-drop-cap{margin-top:8px}.elementor-widget-text-editor:not(.elementor-drop-cap-view-default) .elementor-drop-cap-letter{width:1em;height:1em}.elementor-widget-text-editor .elementor-drop-cap{float:left;text-align:center;line-height:1;font-size:50px}.elementor-widget-text-editor .elementor-drop-cap-letter{display:inline-block}<\/style>\t\t\t\t<p><strong>*Uwaga! Przebieg uroczysto\u015bci zale\u017cy od aktualnej sytuacji zwi\u0105zanej z pandemi\u0105.<br \/>W przypadku kszta\u0142cenia na odleg\u0142o\u015b\u0107 \u2013 przygotowa\u0107 prezentacje multimedialne zwi\u0105zane z danym \u015bwi\u0119tem. Z kolei w przypadku baku mo\u017cliwo\u015bci uczestnictwa rodzic\u00f3w \u2013 przygotowa\u0107 transmisj\u0119 on-line z uroczysto\u015bci.<\/strong><\/p><p><strong>W ca\u0142ym roku szkolnym:<\/strong><\/p><ul><li>Organizacja urodzin dzieci w grupach,<\/li><li>Organizacja konkurs\u00f3w wewn\u0105trz-przedszkolnych,<\/li><li>Rozw\u00f3j zainteresowa\u0144 poprzez organizacje zaj\u0119\u0107 dodatkowych (plastycznych, sportowych)<\/li><li>Zbi\u00f3rka baterii, nakr\u0119tek , karmy dla zwierz\u0105t,<\/li><li>Wycieczki autokarowe:<\/li><li>sad, gospodarstwo rolne, teatr,<\/li><li>Wsp\u00f3\u0142praca z: Muzeum Regionalnym Centrum Kultury Golusa w Ostrzeszowie, Bibliotek\u0105 im. Stanis\u0142awa Czernika, Szko\u0142\u0105\u00a0 Zespo\u0142u Szkolno-Przedszkolnego z Oddzia\u0142ami Integracyjnymi w Rojowie<\/li><\/ul>\t\t\t\t\t\t<\/div>\n\t\t\t\t<\/div>\n\t\t\t\t<div class=\"elementor-element elementor-element-7d71a64 elementor-widget elementor-widget-spacer\" data-id=\"7d71a64\" data-element_type=\"widget\" data-widget_type=\"spacer.default\">\n\t\t\t\t<div class=\"elementor-widget-container\">\n\t\t\t<style>\/*! elementor - v3.16.0 - 17-10-2023 *\/\n.elementor-column .elementor-spacer-inner{height:var(--spacer-size)}.e-con{--container-widget-width:100%}.e-con-inner>.elementor-widget-spacer,.e-con>.elementor-widget-spacer{width:var(--container-widget-width,var(--spacer-size));--align-self:var(--container-widget-align-self,initial);--flex-shrink:0}.e-con-inner>.elementor-widget-spacer>.elementor-widget-container,.e-con>.elementor-widget-spacer>.elementor-widget-container{height:100%;width:100%}.e-con-inner>.elementor-widget-spacer>.elementor-widget-container>.elementor-spacer,.e-con>.elementor-widget-spacer>.elementor-widget-container>.elementor-spacer{height:100%}.e-con-inner>.elementor-widget-spacer>.elementor-widget-container>.elementor-spacer>.elementor-spacer-inner,.e-con>.elementor-widget-spacer>.elementor-widget-container>.elementor-spacer>.elementor-spacer-inner{height:var(--container-widget-height,var(--spacer-size))}.e-con-inner>.elementor-widget-spacer.elementor-widget-empty,.e-con>.elementor-widget-spacer.elementor-widget-empty{position:relative;min-height:22px;min-width:22px}.e-con-inner>.elementor-widget-spacer.elementor-widget-empty .elementor-widget-empty-icon,.e-con>.elementor-widget-spacer.elementor-widget-empty .elementor-widget-empty-icon{position:absolute;top:0;bottom:0;left:0;right:0;margin:auto;padding:0;width:22px;height:22px}<\/style>\t\t<div class=\"elementor-spacer\">\n\t\t\t<div class=\"elementor-spacer-inner\"><\/div>\n\t\t<\/div>\n\t\t\t\t<\/div>\n\t\t\t\t<\/div>\n\t\t\t\t\t<\/div>\n\t\t<\/div>\n\t\t\t\t\t\t\t<\/div>\n\t\t<\/section>\n\t\t\t\t\t\t\t<\/div>\n\t\t","protected":false},"excerpt":{"rendered":"<p>Wrzesie\u0144 1. Powitanie Jesieni Wewn\u0105trz-przedszkolny konkurs plastyczny pt: \u201ePortret Pani Jesieni\u201d 2. Dzie\u0144 Ch\u0142opca Upominki w grupach przygotowane przez Rodzic\u00f3w &nbsp; Pa\u017adziernik 3. Dzie\u0144 Pyry Zabawy tematyczne w salach przedszkolnych 4. \u015awiatowy Dzie\u0144 Muzyki (25 pa\u017adziernika) Zaj\u0119cia tematyczne; Wsp\u00f3lne zabawy przy muzyce w grupach: kszta\u0142towanie poczucia rytmu (improwizacje ruchowe i rytmiczne), rozwijanie wra\u017cliwo\u015bci i wyobra\u017ani [&hellip;]<\/p>\n","protected":false},"author":1,"featured_media":0,"parent":0,"menu_order":0,"comment_status":"closed","ping_status":"closed","template":"","meta":{"footnotes":""},"class_list":["post-188","page","type-page","status-publish","hentry"],"_links":{"self":[{"href":"https:\/\/zsp-rojow.pl\/przedszkole\/wp-json\/wp\/v2\/pages\/188","targetHints":{"allow":["GET"]}}],"collection":[{"href":"https:\/\/zsp-rojow.pl\/przedszkole\/wp-json\/wp\/v2\/pages"}],"about":[{"href":"https:\/\/zsp-rojow.pl\/przedszkole\/wp-json\/wp\/v2\/types\/page"}],"author":[{"embeddable":true,"href":"https:\/\/zsp-rojow.pl\/przedszkole\/wp-json\/wp\/v2\/users\/1"}],"replies":[{"embeddable":true,"href":"https:\/\/zsp-rojow.pl\/przedszkole\/wp-json\/wp\/v2\/comments?post=188"}],"version-history":[{"count":13,"href":"https:\/\/zsp-rojow.pl\/przedszkole\/wp-json\/wp\/v2\/pages\/188\/revisions"}],"predecessor-version":[{"id":434,"href":"https:\/\/zsp-rojow.pl\/przedszkole\/wp-json\/wp\/v2\/pages\/188\/revisions\/434"}],"wp:attachment":[{"href":"https:\/\/zsp-rojow.pl\/przedszkole\/wp-json\/wp\/v2\/media?parent=188"}],"curies":[{"name":"wp","href":"https:\/\/api.w.org\/{rel}","templated":true}]}}