{"id":167,"date":"2022-05-17T17:30:01","date_gmt":"2022-05-17T17:30:01","guid":{"rendered":"http:\/\/localhost\/przedszkole\/?page_id=167"},"modified":"2026-03-24T12:16:37","modified_gmt":"2026-03-24T12:16:37","slug":"kadra-przedszkola","status":"publish","type":"page","link":"https:\/\/zsp-rojow.pl\/przedszkole\/kadra-przedszkola\/","title":{"rendered":"KADRA PRZEDSZKOLA"},"content":{"rendered":"\t\t<div data-elementor-type=\"wp-page\" data-elementor-id=\"167\" class=\"elementor elementor-167\">\n\t\t\t\t\t\t\t\t\t<section class=\"elementor-section elementor-top-section elementor-element elementor-element-662f6a1 elementor-section-content-top elementor-section-boxed elementor-section-height-default elementor-section-height-default\" data-id=\"662f6a1\" data-element_type=\"section\" data-settings=\"{&quot;background_background&quot;:&quot;classic&quot;}\">\n\t\t\t\t\t\t<div class=\"elementor-container elementor-column-gap-default\">\n\t\t\t\t\t<div class=\"elementor-column elementor-col-100 elementor-top-column elementor-element elementor-element-ce309b2\" data-id=\"ce309b2\" data-element_type=\"column\">\n\t\t\t<div class=\"elementor-widget-wrap elementor-element-populated\">\n\t\t\t\t\t\t\t\t<div class=\"elementor-element elementor-element-44b074a elementor-widget elementor-widget-spacer\" data-id=\"44b074a\" data-element_type=\"widget\" data-widget_type=\"spacer.default\">\n\t\t\t\t<div class=\"elementor-widget-container\">\n\t\t\t<style>\/*! elementor - v3.16.0 - 17-10-2023 *\/\n.elementor-column .elementor-spacer-inner{height:var(--spacer-size)}.e-con{--container-widget-width:100%}.e-con-inner>.elementor-widget-spacer,.e-con>.elementor-widget-spacer{width:var(--container-widget-width,var(--spacer-size));--align-self:var(--container-widget-align-self,initial);--flex-shrink:0}.e-con-inner>.elementor-widget-spacer>.elementor-widget-container,.e-con>.elementor-widget-spacer>.elementor-widget-container{height:100%;width:100%}.e-con-inner>.elementor-widget-spacer>.elementor-widget-container>.elementor-spacer,.e-con>.elementor-widget-spacer>.elementor-widget-container>.elementor-spacer{height:100%}.e-con-inner>.elementor-widget-spacer>.elementor-widget-container>.elementor-spacer>.elementor-spacer-inner,.e-con>.elementor-widget-spacer>.elementor-widget-container>.elementor-spacer>.elementor-spacer-inner{height:var(--container-widget-height,var(--spacer-size))}.e-con-inner>.elementor-widget-spacer.elementor-widget-empty,.e-con>.elementor-widget-spacer.elementor-widget-empty{position:relative;min-height:22px;min-width:22px}.e-con-inner>.elementor-widget-spacer.elementor-widget-empty .elementor-widget-empty-icon,.e-con>.elementor-widget-spacer.elementor-widget-empty .elementor-widget-empty-icon{position:absolute;top:0;bottom:0;left:0;right:0;margin:auto;padding:0;width:22px;height:22px}<\/style>\t\t<div class=\"elementor-spacer\">\n\t\t\t<div class=\"elementor-spacer-inner\"><\/div>\n\t\t<\/div>\n\t\t\t\t<\/div>\n\t\t\t\t<\/div>\n\t\t\t\t<div class=\"elementor-element elementor-element-e340e4c elementor-widget elementor-widget-text-editor\" data-id=\"e340e4c\" data-element_type=\"widget\" data-widget_type=\"text-editor.default\">\n\t\t\t\t<div class=\"elementor-widget-container\">\n\t\t\t<style>\/*! elementor - v3.16.0 - 17-10-2023 *\/\n.elementor-widget-text-editor.elementor-drop-cap-view-stacked .elementor-drop-cap{background-color:#69727d;color:#fff}.elementor-widget-text-editor.elementor-drop-cap-view-framed .elementor-drop-cap{color:#69727d;border:3px solid;background-color:transparent}.elementor-widget-text-editor:not(.elementor-drop-cap-view-default) .elementor-drop-cap{margin-top:8px}.elementor-widget-text-editor:not(.elementor-drop-cap-view-default) .elementor-drop-cap-letter{width:1em;height:1em}.elementor-widget-text-editor .elementor-drop-cap{float:left;text-align:center;line-height:1;font-size:50px}.elementor-widget-text-editor .elementor-drop-cap-letter{display:inline-block}<\/style>\t\t\t\t<p>\u00a0<\/p><p><strong>Pan Dyrektor:<\/strong>\u00a0<\/p><p>mgr S\u0142awomir Kobzda<\/p><p><strong>Kierownik Przedszkola:<\/strong><\/p><p>mgr Katarzyna Kulak<\/p><p><strong>Nauczyciele:<\/strong><\/p><p>mgr Katarzyna Kulak<\/p><p>mgr Paulina Kasprzak<\/p><p>mgr Natalia Cudniewicz<br \/><br \/>mgr Dominika Rosiak<\/p><p><span style=\"color: var( --e-global-color-text ); font-family: var( --e-global-typography-text-font-family ), Sans-serif; font-weight: var( --e-global-typography-text-font-weight ); background-color: var( --e-global-color-accent ); font-size: 1rem;\">mgr Karolina Cieplik<\/span><\/p><p>mgr Magdalena Nawrot<\/p><p>mgr Monika Tomaszewska<\/p><p>mgr Anna Jastrz\u0119bska-Urba\u0144ska<\/p><p>mgr Julita Kici\u0144ska<\/p><p>mgr Joanna Parkitna<\/p><p><strong>J\u0119zyk angielsk<\/strong>i: mgr Natalia Cudniewicz<br \/><strong>Religia<\/strong>: mgr Aneta Szmaj\u00a0<br \/><strong>Logopeda<\/strong>: mgr Marta Rogalewska<br \/><strong>Pedagog<\/strong>: mgr Katarzyna Bzura<\/p><p><strong>Pomoce nauczyciela:<\/strong><br \/>Agnieszka Kowarska<br \/>Bernadeta Dittfeld<br \/>Karolina Homi\u0144ska<br \/>Ma\u0142gorzata Lortz &#8211; Mielecka<\/p><p>Martyna Oko\u0144\u00a0<\/p>\t\t\t\t\t\t<\/div>\n\t\t\t\t<\/div>\n\t\t\t\t<div class=\"elementor-element elementor-element-84f80e4 elementor-widget elementor-widget-spacer\" data-id=\"84f80e4\" data-element_type=\"widget\" data-widget_type=\"spacer.default\">\n\t\t\t\t<div class=\"elementor-widget-container\">\n\t\t\t\t\t<div class=\"elementor-spacer\">\n\t\t\t<div class=\"elementor-spacer-inner\"><\/div>\n\t\t<\/div>\n\t\t\t\t<\/div>\n\t\t\t\t<\/div>\n\t\t\t\t\t<\/div>\n\t\t<\/div>\n\t\t\t\t\t\t\t<\/div>\n\t\t<\/section>\n\t\t\t\t\t\t\t<\/div>\n\t\t","protected":false},"excerpt":{"rendered":"<p>\u00a0 Pan Dyrektor:\u00a0 mgr S\u0142awomir Kobzda Kierownik Przedszkola: mgr Katarzyna Kulak Nauczyciele: mgr Katarzyna Kulak mgr Paulina Kasprzak mgr Natalia Cudniewicz mgr Dominika Rosiak mgr Karolina Cieplik mgr Magdalena Nawrot mgr Monika Tomaszewska mgr Anna Jastrz\u0119bska-Urba\u0144ska mgr Julita Kici\u0144ska mgr Joanna Parkitna J\u0119zyk angielski: mgr Natalia CudniewiczReligia: mgr Aneta Szmaj\u00a0Logopeda: mgr Marta RogalewskaPedagog: mgr Katarzyna [&hellip;]<\/p>\n","protected":false},"author":1,"featured_media":0,"parent":0,"menu_order":0,"comment_status":"closed","ping_status":"closed","template":"","meta":{"footnotes":""},"class_list":["post-167","page","type-page","status-publish","hentry"],"_links":{"self":[{"href":"https:\/\/zsp-rojow.pl\/przedszkole\/wp-json\/wp\/v2\/pages\/167","targetHints":{"allow":["GET"]}}],"collection":[{"href":"https:\/\/zsp-rojow.pl\/przedszkole\/wp-json\/wp\/v2\/pages"}],"about":[{"href":"https:\/\/zsp-rojow.pl\/przedszkole\/wp-json\/wp\/v2\/types\/page"}],"author":[{"embeddable":true,"href":"https:\/\/zsp-rojow.pl\/przedszkole\/wp-json\/wp\/v2\/users\/1"}],"replies":[{"embeddable":true,"href":"https:\/\/zsp-rojow.pl\/przedszkole\/wp-json\/wp\/v2\/comments?post=167"}],"version-history":[{"count":46,"href":"https:\/\/zsp-rojow.pl\/przedszkole\/wp-json\/wp\/v2\/pages\/167\/revisions"}],"predecessor-version":[{"id":2986,"href":"https:\/\/zsp-rojow.pl\/przedszkole\/wp-json\/wp\/v2\/pages\/167\/revisions\/2986"}],"wp:attachment":[{"href":"https:\/\/zsp-rojow.pl\/przedszkole\/wp-json\/wp\/v2\/media?parent=167"}],"curies":[{"name":"wp","href":"https:\/\/api.w.org\/{rel}","templated":true}]}}